{"id":12,"date":"2015-04-09T14:53:23","date_gmt":"2015-04-09T14:53:23","guid":{"rendered":"http:\/\/localhost\/fep\/?page_id=12"},"modified":"2015-07-02T15:34:17","modified_gmt":"2015-07-02T15:34:17","slug":"sobre","status":"publish","type":"page","link":"https:\/\/www.fepdesign.com\/?page_id=12","title":{"rendered":"Quem somos"},"content":{"rendered":"<p>A FEPdesign \u00e9 uma empresa especializada em publicidade, marketing e internet com grande destaque na comunica\u00e7\u00e3o interactiva.<br \/>\n<span style=\"line-height: 1.5;\">A estrat\u00e9gia de opera\u00e7\u00e3o da FEPdesign centra-se na realiza\u00e7\u00e3o de projectos de design, marketing e comunica\u00e7\u00e3o.<br \/>\n<\/span>Contribu\u00edmos para que a linguagem das empresas seja\u00a0apreendida pelos seus p\u00fablicos, promovendo canais sem ru\u00eddo entre os intervenientes do processo.<\/p>\n","protected":false},"excerpt":{"rendered":"<p>A FEPdesign \u00e9 uma empresa especializada em publicidade, marketing e internet com grande destaque na comunica\u00e7\u00e3o interactiva. A estrat\u00e9gia de opera\u00e7\u00e3o da FEPdesign centra-se na realiza\u00e7\u00e3o de projectos de design, marketing e comunica\u00e7\u00e3o. Contribu\u00edmos para que a linguagem das empresas seja\u00a0apreendida pelos seus p\u00fablicos, promovendo canais sem ru\u00eddo entre os intervenientes do processo.<\/p>\n","protected":false},"author":1,"featured_media":0,"parent":0,"menu_order":1,"comment_status":"open","ping_status":"closed","template":"template-about.php","meta":{"footnotes":""},"class_list":["post-12","page","type-page","status-publish","hentry"],"_links":{"self":[{"href":"https:\/\/www.fepdesign.com\/index.php?rest_route=\/wp\/v2\/pages\/12"}],"collection":[{"href":"https:\/\/www.fepdesign.com\/index.php?rest_route=\/wp\/v2\/pages"}],"about":[{"href":"https:\/\/www.fepdesign.com\/index.php?rest_route=\/wp\/v2\/types\/page"}],"author":[{"embeddable":true,"href":"https:\/\/www.fepdesign.com\/index.php?rest_route=\/wp\/v2\/users\/1"}],"replies":[{"embeddable":true,"href":"https:\/\/www.fepdesign.com\/index.php?rest_route=%2Fwp%2Fv2%2Fcomments&post=12"}],"version-history":[{"count":9,"href":"https:\/\/www.fepdesign.com\/index.php?rest_route=\/wp\/v2\/pages\/12\/revisions"}],"predecessor-version":[{"id":376,"href":"https:\/\/www.fepdesign.com\/index.php?rest_route=\/wp\/v2\/pages\/12\/revisions\/376"}],"wp:attachment":[{"href":"https:\/\/www.fepdesign.com\/index.php?rest_route=%2Fwp%2Fv2%2Fmedia&parent=12"}],"curies":[{"name":"wp","href":"https:\/\/api.w.org\/{rel}","templated":true}]}}